{"id":2888,"date":"2021-06-18T17:28:41","date_gmt":"2021-06-18T14:28:41","guid":{"rendered":"https:\/\/tddks2021.atauni.edu.tr\/?page_id=2888"},"modified":"2021-06-25T19:46:59","modified_gmt":"2021-06-25T16:46:59","slug":"yurtici-katilimcilar-ve-bildiri-basliklari","status":"publish","type":"page","link":"https:\/\/tddks2021.atauni.edu.tr\/index.php\/yurtici-katilimcilar-ve-bildiri-basliklari\/","title":{"rendered":"YURT\u0130\u00c7\u0130 KATILIMCILAR VE B\u0130LD\u0130R\u0130 BA\u015eLIKLARI"},"content":{"rendered":"\n<p>Prof. Dr. Abdurrahman G\u00dcZEL: <em><strong>T\u00dcRKMEN\u0130STAN\u2019DA K\u00d6RO\u011eLU<\/strong><\/em><\/p>\n\n\n\n<p>Prof. Dr. Ahmet \u00d6zg\u00fcr G\u00dcVEN\u00c7-Ar\u015f. G\u00f6r. Muhammet Nuri CEYLAN: <em><strong>T\u00dcRK\u0130YE SAHASI K\u00d6RO\u011eLU ANLATMALARINDA &#8220;ERZURUM<\/strong><\/em>&#8220;<\/p>\n\n\n\n<p>Prof. Dr. Ali \u00c7EL\u0130K:&nbsp; <em><strong>TU\u011eRABOZAN VE K\u00d6RO\u011eLU<\/strong><\/em><\/p>\n\n\n\n<p>Prof. Dr. Ali DUYMAZ: <em><strong>K\u00d6RO\u011eLU H\u0130K\u00c2YES\u0130 VE \u201cMETALA\u015eMA\u201d KAVRAMI EKSEN\u0130NDE KIRATIN SER\u00dcVEN\u0130<\/strong><\/em><\/p>\n\n\n\n<p>Prof. Dr. Ali YAKICI: <em><strong>\u00c2\u015eIK K\u00d6RO\u011eLU\u2019NUN \u015e\u0130\u0130RLER\u0130N\u0130 BEL\u0130RLERKEN D\u0130KKAT ED\u0130LMES\u0130 GEREKEN USUL VE Y\u00d6NTEMLER<\/strong><\/em><\/p>\n\n\n\n<p>Prof. Dr. Alimcan \u0130NAYET: <em><strong>EM\u0130R G\u00d6RO\u011eLU DESTANINDAK\u0130 YEM\u0130N B\u0130\u00c7\u0130MLER\u0130 \u00dcZER\u0130NE<\/strong><\/em><\/p>\n\n\n\n<p>Prof. Dr. Ay\u015fe Y\u00dcCEL \u00c7ET\u0130N: <strong>KAHRAMANIN YOLCULU\u011eU: RU\u015eEN\u2019DEN K\u00d6RO\u011eLU\u2019NA<\/strong><\/p>\n\n\n\n<p>Prof. Dr. Bekir \u015e\u0130\u015eMAN: <em><strong>SAB\u0130TELER VE DE\u011e\u0130\u015eKENLER BA\u011eLAMINDA K\u00d6RO\u011eLU DESTANININ KAZAK VE ANADOLU E\u015eMET\u0130NLER\u0130 \u00dcZER\u0130NE BAZI TESP\u0130TLER<\/strong><\/em><\/p>\n\n\n\n<p>Prof. Dr. Dilaver D\u00dcZG\u00dcN-Ar\u015f. G\u00f6r. Asl\u0131han S\u00dcMB\u00dcLL\u00dc: <em><strong>ATAT\u00dcRK \u00dcN\u0130VERS\u0130TES\u0130 EDEB\u0130YAT FAK\u00dcLTES\u0130NDE HAZIRLANAN L\u0130SANS TEZLER\u0130NDE K\u00d6RO\u011eLU<\/strong><\/em><\/p>\n\n\n\n<p>Prof. Dr. Esma \u015e\u0130M\u015eEK: <em><strong>ULUPAM\u0130R KIRGIZ T\u00dcRKLER\u0130NDEN DERLENEN MANAS DESTANI \u00dcZER\u0130NE DE\u011eERLEND\u0130RMELER (C\u0130HANBEG YURDAKUL ANLATMASI)<\/strong><\/em><\/p>\n\n\n\n<p>Prof. Dr. G\u00fclhan ATNUR-Doktora \u00d6\u011frencisi Ata BAYO\u011eLU: <em><strong>K\u00d6RO\u011eLU ANLATMALARI BA\u011eLAMINDA AYGIR G\u00d6LLER\u0130: ERZURUM \u00d6RNE\u011e\u0130<\/strong><\/em><\/p>\n\n\n\n<p>Prof. Dr. Halil \u0130brahim \u015eAH\u0130N: <em><strong>T\u00dcRKMEN\u0130STAN SAHASI K\u00d6RO\u011eLU ANLATMALARINDA KAHRAMANIN EJDERHA \u0130LE M\u00dcCADELES\u0130<\/strong><\/em><\/p>\n\n\n\n<p>Prof. Dr. H\u00fcseyin BAYDEM\u0130R: <em><strong>\u00d6ZBEK K\u00d6RO\u011eLU KOLLARINDAN DALL\u0130 DESTANINDA ERZURUM<\/strong><\/em><\/p>\n\n\n\n<p>Prof. Dr. \u0130smet \u00c7ET\u0130N: <em><strong>K\u00dcLT\u00dcREL KOD AKTARIMI: K\u00dcR\u2019DEN K\u00d6R\u2019E, ALP\u2019TAN EVL\u0130YA\u2019YA K\u00d6RO\u011eLU<\/strong><\/em><\/p>\n\n\n\n<p>Prof. Dr. M. Naci \u00d6NAL: <em><strong>K\u00d6RO\u011eLU\u2019NUN ROMANYA R\u0130VAYET\u0130<\/strong><\/em><\/p>\n\n\n\n<p>Prof. Dr. Metin EK\u0130C\u0130: <em><strong>BEH\u00c7ET MAH\u0130R VE K\u00d6RO\u011eLU<\/strong><\/em><\/p>\n\n\n\n<p>Prof. Dr. Metin \u00d6ZARSLAN: <em><strong>ERZURUM \u00d6L\u00c7E\u011e\u0130NDE ANLATI, DANS VE M\u00dcZ\u0130K ZEM\u0130N\u0130NDE K\u00d6RO\u011eLU VE BAZI G\u00d6R\u00dc\u015eLER<\/strong><\/em><\/p>\n\n\n\n<p>Prof. Dr. Mustafa ARSLAN: <em><strong>KAHRAMANIN SONU VE K\u00d6RO\u011eLU<\/strong><\/em><\/p>\n\n\n\n<p>Prof. Dr. Naciye ATA YILDIZ: <em><strong>\u00d6ZBEK\u0130STAN K\u00d6RO\u011eLU ANLATMALARI DA\u0130RES\u0130NDE K\u00d6RO\u011eLU<\/strong><\/em><\/p>\n\n\n\n<p>Prof. Dr. Nesrin FEYZ\u0130O\u011eLU: <em><strong>K\u00d6RO\u011eLU DESTANI VE K\u00d6RO\u011eLU \u00c7E\u015e\u0130TLEMES\u0130<\/strong><\/em><\/p>\n\n\n\n<p>Prof. Dr. Pakize AYTA\u00c7: <strong><strong>ERZURUM DADA\u015e K\u00d6Y\u00dcNDE DERLENEN K\u00d6RO\u011eLU H\u0130K\u00c2YELER\u0130NDE YER ALAN DE\u011eERLER\u0130N FELSEF\u0130 VE SOSYAL D\u00dc\u015e\u00dcNCE TAR\u0130H\u0130M\u0130ZE KATKILARI \u00dcZER\u0130NE B\u0130R DE\u011eERLEND\u0130RME<\/strong><\/strong><\/p>\n\n\n\n<p>Prof. Dr. Salahaddin BEKK\u0130: <em><strong>MEDDAH BEH\u00c7ET MAH\u0130R\u2019\u0130N ANLATTI\u011eI K\u00d6RO\u011eLU KOLLARINDA DEDE KORKUT TES\u0130R\u0130<\/strong><\/em><\/p>\n\n\n\n<p>Prof. Dr. Zekeriya KARADAVUT &#8211; \u00d6\u011fr. G\u00f6r. Zeynep Beg\u00fcm OK: <em><strong>K\u00d6RO\u011eLU DESTANININ KARAKALPAK VARYANTI<\/strong><\/em><\/p>\n\n\n\n<p>Do\u00e7. Dr. Adem BALKAYA: <em><strong>YARDIMCIYA MUHTA\u00c7 DESTAN KAHRAMANI: K\u00d6RO\u011eLU\u2019NUN AZERBAYCAN ANLATMASI \u00d6RNE\u011e\u0130<\/strong><\/em><\/p>\n\n\n\n<p>Do\u00e7. Dr. Hasan Tahsin S\u00dcMB\u00dcLL\u00dc: <em><strong>M\u00dcZ\u0130K UNSURLARI BAKIMINDAN K\u00d6RO\u011eLU HAVALARI VE EZG\u0130SEL \u00d6ZELL\u0130KLER\u0130NE Y\u00d6NEL\u0130K B\u0130R DE\u011eERLEND\u0130RME<\/strong><\/em><\/p>\n\n\n\n<p>Dr. \u00d6\u011fr. \u00dcyesi G\u00fclda \u00c7ET\u0130NDA\u011e S\u00dcME: <em><strong>K\u00d6RO\u011eLU DESTANI\u2019NDA ZITLIKTAN B\u00dcT\u00dcNL\u00dc\u011eE<\/strong><\/em><\/p>\n\n\n\n<p>Dr. \u00d6\u011fr. \u00dcyesi Nihang\u00fcl DA\u015eTAN: <em><strong>K\u00dcLT\u00dcR END\u00dcSTR\u0130S\u0130 BA\u011eLAMINDA K\u00d6RO\u011eLU \u0130MAJI<\/strong><\/em><\/p>\n\n\n\n<p>Dr. Do\u011fan KAYA: <em><strong>ANADOLU\u2019DA K\u00d6RO\u011eLU KOLLARI<\/strong><\/em><\/p>\n\n\n\n<p>Dr. Faz\u0131l \u00d6ZDAMAR: <strong>K\u00d6RO\u011eLU&#8217;NUN \u0130RAN T\u00dcRKLER\u0130 ANLATMALARINDA HASIMLI\u011eI HISIMLI\u011eA \u00c7EV\u0130RMEK<\/strong><\/p>\n","protected":false},"excerpt":{"rendered":"<p>Prof. Dr. Abdurrahman G\u00dcZEL: T\u00dcRKMEN\u0130STAN\u2019DA K\u00d6RO\u011eLU Prof. Dr. Ahmet \u00d6zg\u00fcr G\u00dcVEN\u00c7-Ar\u015f. G\u00f6r. Muhammet Nuri CEYLAN: T\u00dcRK\u0130YE SAHASI K\u00d6RO\u011eLU ANLATMALARINDA &#8220;ERZURUM&#8220; Prof. Dr. Ali \u00c7EL\u0130K:&nbsp; TU\u011eRABOZAN VE K\u00d6RO\u011eLU Prof. Dr. Ali DUYMAZ: K\u00d6RO\u011eLU H\u0130K\u00c2YES\u0130 VE \u201cMETALA\u015eMA\u201d KAVRAMI EKSEN\u0130NDE KIRATIN SER\u00dcVEN\u0130 Prof. Dr. Ali YAKICI: \u00c2\u015eIK K\u00d6RO\u011eLU\u2019NUN \u015e\u0130\u0130RLER\u0130N\u0130 BEL\u0130RLERKEN D\u0130KKAT ED\u0130LMES\u0130 GEREKEN USUL VE Y\u00d6NTEMLER Prof. Dr. [&hellip;]<\/p>\n","protected":false},"author":1,"featured_media":0,"parent":0,"menu_order":0,"comment_status":"closed","ping_status":"closed","template":"","meta":{"footnotes":""},"class_list":["post-2888","page","type-page","status-publish","hentry"],"_links":{"self":[{"href":"https:\/\/tddks2021.atauni.edu.tr\/index.php\/wp-json\/wp\/v2\/pages\/2888","targetHints":{"allow":["GET"]}}],"collection":[{"href":"https:\/\/tddks2021.atauni.edu.tr\/index.php\/wp-json\/wp\/v2\/pages"}],"about":[{"href":"https:\/\/tddks2021.atauni.edu.tr\/index.php\/wp-json\/wp\/v2\/types\/page"}],"author":[{"embeddable":true,"href":"https:\/\/tddks2021.atauni.edu.tr\/index.php\/wp-json\/wp\/v2\/users\/1"}],"replies":[{"embeddable":true,"href":"https:\/\/tddks2021.atauni.edu.tr\/index.php\/wp-json\/wp\/v2\/comments?post=2888"}],"version-history":[{"count":7,"href":"https:\/\/tddks2021.atauni.edu.tr\/index.php\/wp-json\/wp\/v2\/pages\/2888\/revisions"}],"predecessor-version":[{"id":2944,"href":"https:\/\/tddks2021.atauni.edu.tr\/index.php\/wp-json\/wp\/v2\/pages\/2888\/revisions\/2944"}],"wp:attachment":[{"href":"https:\/\/tddks2021.atauni.edu.tr\/index.php\/wp-json\/wp\/v2\/media?parent=2888"}],"curies":[{"name":"wp","href":"https:\/\/api.w.org\/{rel}","templated":true}]}}