{"id":2851,"date":"2021-06-14T13:31:41","date_gmt":"2021-06-14T10:31:41","guid":{"rendered":"https:\/\/tddks2021.atauni.edu.tr\/?page_id=2851"},"modified":"2021-06-21T12:07:39","modified_gmt":"2021-06-21T09:07:39","slug":"duzenleme-kurulu","status":"publish","type":"page","link":"https:\/\/tddks2021.atauni.edu.tr\/index.php\/duzenleme-kurulu\/","title":{"rendered":"D\u00dcZENLEME KURULU"},"content":{"rendered":"\n<p>Prof. Dr. Ahmet \u00d6zg\u00fcr G\u00dcVEN\u00c7 (D\u00fczenleme Kurulu Ba\u015fkan\u0131) -Atat\u00fcrk \u00dcniversitesi, T\u00fcrkiye<\/p>\n\n\n\n<p>Do\u00e7. Dr. Ahmet TOPAL-Atat\u00fcrk \u00dcniversitesi, T\u00fcrkiye<\/p>\n\n\n\n<p>Do\u00e7. Dr. Mayramg\u00fcl DIYKANBAY- Atat\u00fcrk \u00dcniversitesi, T\u00fcrkiye<\/p>\n\n\n\n<p>Do\u00e7. Dr. Servet T\u0130KEN-Atat\u00fcrk \u00dcniversitesi, T\u00fcrkiye<\/p>\n\n\n\n<p>Do\u00e7. Dr. Sevda \u00d6NAL KILI\u00c7-Atat\u00fcrk \u00dcniversitesi, T\u00fcrkiye<\/p>\n\n\n\n<p>Dr. \u00d6\u011fr. \u00dcyesi H\u00fcsna KOTAN- Atat\u00fcrk \u00dcniversitesi, T\u00fcrkiye<\/p>\n\n\n\n<p>Dr. \u00d6\u011fr. \u00dcyesi Nihang\u00fcl DA\u015eTAN- Atat\u00fcrk \u00dcniversitesi, T\u00fcrkiye<\/p>\n\n\n\n<p>Ar\u015f. G\u00f6r. Dr. Esra YAVUZ- Atat\u00fcrk \u00dcniversitesi, T\u00fcrkiye<\/p>\n\n\n\n<p>Ar\u015f. G\u00f6r. Asl\u0131han S\u00dcMB\u00dcLL\u00dc- Atat\u00fcrk \u00dcniversitesi, T\u00fcrkiye<\/p>\n\n\n\n<p>Ar\u015f. G\u00f6r. Elif KO\u00c7- Atat\u00fcrk \u00dcniversitesi, T\u00fcrkiye<\/p>\n\n\n\n<p>Ar\u015f. G\u00f6r. Fatih EK\u0130C\u0130- Atat\u00fcrk \u00dcniversitesi, T\u00fcrkiye<\/p>\n\n\n\n<p>Ar\u015f. G\u00f6r. Fatma \u00d6Z\u00c7AKMAK- Atat\u00fcrk \u00dcniversitesi, T\u00fcrkiye<\/p>\n\n\n\n<p>Ar\u015f. G\u00f6r. Muhammet Nuri CEYLAN- Atat\u00fcrk \u00dcniversitesi, T\u00fcrkiye<\/p>\n\n\n\n<p>Ar\u015f. G\u00f6r. Reyhan KARKINLI- Atat\u00fcrk \u00dcniversitesi, T\u00fcrkiye<\/p>\n\n\n\n<p>\u00d6\u011fr. G\u00f6r. Albina KIRAN- Atat\u00fcrk \u00dcniversitesi, T\u00fcrkiye<\/p>\n","protected":false},"excerpt":{"rendered":"<p>Prof. Dr. Ahmet \u00d6zg\u00fcr G\u00dcVEN\u00c7 (D\u00fczenleme Kurulu Ba\u015fkan\u0131) -Atat\u00fcrk \u00dcniversitesi, T\u00fcrkiye Do\u00e7. Dr. Ahmet TOPAL-Atat\u00fcrk \u00dcniversitesi, T\u00fcrkiye Do\u00e7. Dr. Mayramg\u00fcl DIYKANBAY- Atat\u00fcrk \u00dcniversitesi, T\u00fcrkiye Do\u00e7. Dr. Servet T\u0130KEN-Atat\u00fcrk \u00dcniversitesi, T\u00fcrkiye Do\u00e7. Dr. Sevda \u00d6NAL KILI\u00c7-Atat\u00fcrk \u00dcniversitesi, T\u00fcrkiye Dr. \u00d6\u011fr. \u00dcyesi H\u00fcsna KOTAN- Atat\u00fcrk \u00dcniversitesi, T\u00fcrkiye Dr. \u00d6\u011fr. \u00dcyesi Nihang\u00fcl DA\u015eTAN- Atat\u00fcrk \u00dcniversitesi, T\u00fcrkiye Ar\u015f. G\u00f6r. [&hellip;]<\/p>\n","protected":false},"author":1,"featured_media":0,"parent":0,"menu_order":0,"comment_status":"closed","ping_status":"closed","template":"","meta":{"footnotes":""},"class_list":["post-2851","page","type-page","status-publish","hentry"],"_links":{"self":[{"href":"https:\/\/tddks2021.atauni.edu.tr\/index.php\/wp-json\/wp\/v2\/pages\/2851","targetHints":{"allow":["GET"]}}],"collection":[{"href":"https:\/\/tddks2021.atauni.edu.tr\/index.php\/wp-json\/wp\/v2\/pages"}],"about":[{"href":"https:\/\/tddks2021.atauni.edu.tr\/index.php\/wp-json\/wp\/v2\/types\/page"}],"author":[{"embeddable":true,"href":"https:\/\/tddks2021.atauni.edu.tr\/index.php\/wp-json\/wp\/v2\/users\/1"}],"replies":[{"embeddable":true,"href":"https:\/\/tddks2021.atauni.edu.tr\/index.php\/wp-json\/wp\/v2\/comments?post=2851"}],"version-history":[{"count":6,"href":"https:\/\/tddks2021.atauni.edu.tr\/index.php\/wp-json\/wp\/v2\/pages\/2851\/revisions"}],"predecessor-version":[{"id":2911,"href":"https:\/\/tddks2021.atauni.edu.tr\/index.php\/wp-json\/wp\/v2\/pages\/2851\/revisions\/2911"}],"wp:attachment":[{"href":"https:\/\/tddks2021.atauni.edu.tr\/index.php\/wp-json\/wp\/v2\/media?parent=2851"}],"curies":[{"name":"wp","href":"https:\/\/api.w.org\/{rel}","templated":true}]}}