{"id":2849,"date":"2021-06-14T13:30:46","date_gmt":"2021-06-14T10:30:46","guid":{"rendered":"https:\/\/tddks2021.atauni.edu.tr\/?page_id=2849"},"modified":"2021-06-18T15:19:05","modified_gmt":"2021-06-18T12:19:05","slug":"onur-kurulu","status":"publish","type":"page","link":"https:\/\/tddks2021.atauni.edu.tr\/index.php\/onur-kurulu\/","title":{"rendered":"ONUR KURULU"},"content":{"rendered":"\n<p>Prof. Dr. Abdurrahman G\u00dcZEL- Emekli \u00d6\u011fretim \u00dcyesi, T\u00fcrkiye<\/p>\n\n\n\n<p>Prof. Dr. Ali \u00c7EL\u0130K- Emekli \u00d6\u011fretim \u00dcyesi, T\u00fcrkiye<\/p>\n\n\n\n<p>Prof. Dr. Dursun YILDIRIM- Emekli \u00d6\u011fretim \u00dcyesi, T\u00fcrkiye<\/p>\n\n\n\n<p>Prof. Dr. Ensar ASLAN- Emekli \u00d6\u011fretim \u00dcyesi, T\u00fcrkiye<\/p>\n\n\n\n<p>Prof. Dr. Fikret T\u00dcRKMEN- Emekli \u00d6\u011fretim \u00dcyesi, T\u00fcrkiye<\/p>\n\n\n\n<p>Prof. Dr. \u0130smail G\u00d6RKEM- Emekli \u00d6\u011fretim \u00dcyesi, T\u00fcrkiye<\/p>\n\n\n\n<p>Prof. Dr. Pakize AYTA\u00c7- Emekli \u00d6\u011fretim \u00dcyesi, T\u00fcrkiye<\/p>\n\n\n\n<p>Prof. Dr. Saim SAKAO\u011eLU-Emekli \u00d6\u011fretim \u00dcyesi, T\u00fcrkiye<\/p>\n\n\n\n<p>Prof. Dr. Umay G\u00dcNAY-Emekli \u00d6\u011fretim \u00dcyesi, T\u00fcrkiye<\/p>\n","protected":false},"excerpt":{"rendered":"<p>Prof. Dr. Abdurrahman G\u00dcZEL- Emekli \u00d6\u011fretim \u00dcyesi, T\u00fcrkiye Prof. Dr. Ali \u00c7EL\u0130K- Emekli \u00d6\u011fretim \u00dcyesi, T\u00fcrkiye Prof. Dr. Dursun YILDIRIM- Emekli \u00d6\u011fretim \u00dcyesi, T\u00fcrkiye Prof. Dr. Ensar ASLAN- Emekli \u00d6\u011fretim \u00dcyesi, T\u00fcrkiye Prof. Dr. Fikret T\u00dcRKMEN- Emekli \u00d6\u011fretim \u00dcyesi, T\u00fcrkiye Prof. Dr. \u0130smail G\u00d6RKEM- Emekli \u00d6\u011fretim \u00dcyesi, T\u00fcrkiye Prof. Dr. Pakize AYTA\u00c7- Emekli \u00d6\u011fretim \u00dcyesi, [&hellip;]<\/p>\n","protected":false},"author":1,"featured_media":0,"parent":0,"menu_order":0,"comment_status":"closed","ping_status":"closed","template":"","meta":{"footnotes":""},"class_list":["post-2849","page","type-page","status-publish","hentry"],"_links":{"self":[{"href":"https:\/\/tddks2021.atauni.edu.tr\/index.php\/wp-json\/wp\/v2\/pages\/2849","targetHints":{"allow":["GET"]}}],"collection":[{"href":"https:\/\/tddks2021.atauni.edu.tr\/index.php\/wp-json\/wp\/v2\/pages"}],"about":[{"href":"https:\/\/tddks2021.atauni.edu.tr\/index.php\/wp-json\/wp\/v2\/types\/page"}],"author":[{"embeddable":true,"href":"https:\/\/tddks2021.atauni.edu.tr\/index.php\/wp-json\/wp\/v2\/users\/1"}],"replies":[{"embeddable":true,"href":"https:\/\/tddks2021.atauni.edu.tr\/index.php\/wp-json\/wp\/v2\/comments?post=2849"}],"version-history":[{"count":2,"href":"https:\/\/tddks2021.atauni.edu.tr\/index.php\/wp-json\/wp\/v2\/pages\/2849\/revisions"}],"predecessor-version":[{"id":2884,"href":"https:\/\/tddks2021.atauni.edu.tr\/index.php\/wp-json\/wp\/v2\/pages\/2849\/revisions\/2884"}],"wp:attachment":[{"href":"https:\/\/tddks2021.atauni.edu.tr\/index.php\/wp-json\/wp\/v2\/media?parent=2849"}],"curies":[{"name":"wp","href":"https:\/\/api.w.org\/{rel}","templated":true}]}}